{"id":56,"date":"2023-09-08T10:08:58","date_gmt":"2023-09-08T10:08:58","guid":{"rendered":"https:\/\/haege.sim-plexity.de\/?page_id=56"},"modified":"2024-01-16T12:58:14","modified_gmt":"2024-01-16T12:58:14","slug":"wir-fuer-sie","status":"publish","type":"page","link":"https:\/\/www.haege-baucenter.de\/index.php\/wir-fuer-sie\/","title":{"rendered":"Wir f\u00fcr Sie"},"content":{"rendered":"\t\t<div data-elementor-type=\"wp-page\" data-elementor-id=\"56\" class=\"elementor elementor-56\" data-elementor-post-type=\"page\">\n\t\t\t\t\t\t<section class=\"elementor-section elementor-top-section elementor-element elementor-element-9a4fb2a elementor-section-height-min-height elementor-section-stretched elementor-section-boxed elementor-section-height-default elementor-section-items-middle\" data-id=\"9a4fb2a\" data-element_type=\"section\" data-e-type=\"section\" data-settings=\"{&quot;stretch_section&quot;:&quot;section-stretched&quot;,&quot;background_background&quot;:&quot;classic&quot;}\">\n\t\t\t\t\t\t<div class=\"elementor-container elementor-column-gap-default\">\n\t\t\t\t\t<div class=\"elementor-column elementor-col-100 elementor-top-column elementor-element elementor-element-c82f769\" data-id=\"c82f769\" data-element_type=\"column\" data-e-type=\"column\">\n\t\t\t<div class=\"elementor-widget-wrap\">\n\t\t\t\t\t\t\t<\/div>\n\t\t<\/div>\n\t\t\t\t\t<\/div>\n\t\t<\/section>\n\t\t\t\t<section class=\"elementor-section elementor-top-section elementor-element elementor-element-034022f elementor-section-boxed elementor-section-height-default elementor-section-height-default\" data-id=\"034022f\" data-element_type=\"section\" data-e-type=\"section\">\n\t\t\t\t\t\t<div class=\"elementor-container elementor-column-gap-default\">\n\t\t\t\t\t<div class=\"elementor-column elementor-col-100 elementor-top-column elementor-element elementor-element-4dc36d5\" data-id=\"4dc36d5\" data-element_type=\"column\" data-e-type=\"column\">\n\t\t\t<div class=\"elementor-widget-wrap elementor-element-populated\">\n\t\t\t\t\t\t<div class=\"elementor-element elementor-element-b220e6a elementor-widget elementor-widget-heading\" data-id=\"b220e6a\" data-element_type=\"widget\" data-e-type=\"widget\" data-widget_type=\"heading.default\">\n\t\t\t\t<div class=\"elementor-widget-container\">\n\t\t\t\t\t<h1 class=\"elementor-heading-title elementor-size-default\">Wir f\u00fcr Sie<\/h1>\t\t\t\t<\/div>\n\t\t\t\t<\/div>\n\t\t\t\t\t<\/div>\n\t\t<\/div>\n\t\t\t\t\t<\/div>\n\t\t<\/section>\n\t\t\t\t<\/div>\n\t\t","protected":false},"excerpt":{"rendered":"<p>Wir f\u00fcr Sie<\/p>\n","protected":false},"author":2,"featured_media":0,"parent":0,"menu_order":2,"comment_status":"closed","ping_status":"closed","template":"elementor_header_footer","meta":{"_acf_changed":false,"footnotes":""},"class_list":["post-56","page","type-page","status-publish","hentry"],"acf":[],"yoast_head":"<!-- This site is optimized with the Yoast SEO plugin v27.0 - https:\/\/yoast.com\/product\/yoast-seo-wordpress\/ -->\n<title>Wir f\u00fcr Sie - H\u00e4ge Bau<\/title>\n<meta name=\"robots\" content=\"index, follow, max-snippet:-1, max-image-preview:large, max-video-preview:-1\" \/>\n<link rel=\"canonical\" href=\"https:\/\/www.haege-baucenter.de\/index.php\/wir-fuer-sie\/\" \/>\n<meta property=\"og:locale\" content=\"de_DE\" \/>\n<meta property=\"og:type\" content=\"article\" \/>\n<meta property=\"og:title\" content=\"Wir f\u00fcr Sie - H\u00e4ge Bau\" \/>\n<meta property=\"og:description\" content=\"Wir f\u00fcr Sie\" \/>\n<meta property=\"og:url\" content=\"https:\/\/www.haege-baucenter.de\/index.php\/wir-fuer-sie\/\" \/>\n<meta property=\"og:site_name\" content=\"H\u00e4ge Bau\" \/>\n<meta property=\"article:modified_time\" content=\"2024-01-16T12:58:14+00:00\" \/>\n<meta name=\"twitter:card\" content=\"summary_large_image\" \/>\n<meta name=\"twitter:label1\" content=\"Gesch\u00e4tzte Lesezeit\" \/>\n\t<meta name=\"twitter:data1\" content=\"1\u00a0Minute\" \/>\n<script type=\"application\/ld+json\" class=\"yoast-schema-graph\">{\"@context\":\"https:\/\/schema.org\",\"@graph\":[{\"@type\":\"WebPage\",\"@id\":\"https:\/\/www.haege-baucenter.de\/index.php\/wir-fuer-sie\/\",\"url\":\"https:\/\/www.haege-baucenter.de\/index.php\/wir-fuer-sie\/\",\"name\":\"Wir f\u00fcr Sie - H\u00e4ge Bau\",\"isPartOf\":{\"@id\":\"https:\/\/www.haege-baucenter.de\/#website\"},\"datePublished\":\"2023-09-08T10:08:58+00:00\",\"dateModified\":\"2024-01-16T12:58:14+00:00\",\"breadcrumb\":{\"@id\":\"https:\/\/www.haege-baucenter.de\/index.php\/wir-fuer-sie\/#breadcrumb\"},\"inLanguage\":\"de\",\"potentialAction\":[{\"@type\":\"ReadAction\",\"target\":[\"https:\/\/www.haege-baucenter.de\/index.php\/wir-fuer-sie\/\"]}]},{\"@type\":\"BreadcrumbList\",\"@id\":\"https:\/\/www.haege-baucenter.de\/index.php\/wir-fuer-sie\/#breadcrumb\",\"itemListElement\":[{\"@type\":\"ListItem\",\"position\":1,\"name\":\"Startseite\",\"item\":\"https:\/\/www.haege-baucenter.de\/\"},{\"@type\":\"ListItem\",\"position\":2,\"name\":\"Wir f\u00fcr Sie\"}]},{\"@type\":\"WebSite\",\"@id\":\"https:\/\/www.haege-baucenter.de\/#website\",\"url\":\"https:\/\/www.haege-baucenter.de\/\",\"name\":\"H\u00e4ge Bau\",\"description\":\"\",\"potentialAction\":[{\"@type\":\"SearchAction\",\"target\":{\"@type\":\"EntryPoint\",\"urlTemplate\":\"https:\/\/www.haege-baucenter.de\/?s={search_term_string}\"},\"query-input\":{\"@type\":\"PropertyValueSpecification\",\"valueRequired\":true,\"valueName\":\"search_term_string\"}}],\"inLanguage\":\"de\"}]}<\/script>\n<!-- \/ Yoast SEO plugin. -->","yoast_head_json":{"title":"Wir f\u00fcr Sie - H\u00e4ge Bau","robots":{"index":"index","follow":"follow","max-snippet":"max-snippet:-1","max-image-preview":"max-image-preview:large","max-video-preview":"max-video-preview:-1"},"canonical":"https:\/\/www.haege-baucenter.de\/index.php\/wir-fuer-sie\/","og_locale":"de_DE","og_type":"article","og_title":"Wir f\u00fcr Sie - H\u00e4ge Bau","og_description":"Wir f\u00fcr Sie","og_url":"https:\/\/www.haege-baucenter.de\/index.php\/wir-fuer-sie\/","og_site_name":"H\u00e4ge Bau","article_modified_time":"2024-01-16T12:58:14+00:00","twitter_card":"summary_large_image","twitter_misc":{"Gesch\u00e4tzte Lesezeit":"1\u00a0Minute"},"schema":{"@context":"https:\/\/schema.org","@graph":[{"@type":"WebPage","@id":"https:\/\/www.haege-baucenter.de\/index.php\/wir-fuer-sie\/","url":"https:\/\/www.haege-baucenter.de\/index.php\/wir-fuer-sie\/","name":"Wir f\u00fcr Sie - H\u00e4ge Bau","isPartOf":{"@id":"https:\/\/www.haege-baucenter.de\/#website"},"datePublished":"2023-09-08T10:08:58+00:00","dateModified":"2024-01-16T12:58:14+00:00","breadcrumb":{"@id":"https:\/\/www.haege-baucenter.de\/index.php\/wir-fuer-sie\/#breadcrumb"},"inLanguage":"de","potentialAction":[{"@type":"ReadAction","target":["https:\/\/www.haege-baucenter.de\/index.php\/wir-fuer-sie\/"]}]},{"@type":"BreadcrumbList","@id":"https:\/\/www.haege-baucenter.de\/index.php\/wir-fuer-sie\/#breadcrumb","itemListElement":[{"@type":"ListItem","position":1,"name":"Startseite","item":"https:\/\/www.haege-baucenter.de\/"},{"@type":"ListItem","position":2,"name":"Wir f\u00fcr Sie"}]},{"@type":"WebSite","@id":"https:\/\/www.haege-baucenter.de\/#website","url":"https:\/\/www.haege-baucenter.de\/","name":"H\u00e4ge Bau","description":"","potentialAction":[{"@type":"SearchAction","target":{"@type":"EntryPoint","urlTemplate":"https:\/\/www.haege-baucenter.de\/?s={search_term_string}"},"query-input":{"@type":"PropertyValueSpecification","valueRequired":true,"valueName":"search_term_string"}}],"inLanguage":"de"}]}},"_links":{"self":[{"href":"https:\/\/www.haege-baucenter.de\/index.php\/wp-json\/wp\/v2\/pages\/56","targetHints":{"allow":["GET"]}}],"collection":[{"href":"https:\/\/www.haege-baucenter.de\/index.php\/wp-json\/wp\/v2\/pages"}],"about":[{"href":"https:\/\/www.haege-baucenter.de\/index.php\/wp-json\/wp\/v2\/types\/page"}],"author":[{"embeddable":true,"href":"https:\/\/www.haege-baucenter.de\/index.php\/wp-json\/wp\/v2\/users\/2"}],"replies":[{"embeddable":true,"href":"https:\/\/www.haege-baucenter.de\/index.php\/wp-json\/wp\/v2\/comments?post=56"}],"version-history":[{"count":7,"href":"https:\/\/www.haege-baucenter.de\/index.php\/wp-json\/wp\/v2\/pages\/56\/revisions"}],"predecessor-version":[{"id":622,"href":"https:\/\/www.haege-baucenter.de\/index.php\/wp-json\/wp\/v2\/pages\/56\/revisions\/622"}],"wp:attachment":[{"href":"https:\/\/www.haege-baucenter.de\/index.php\/wp-json\/wp\/v2\/media?parent=56"}],"curies":[{"name":"wp","href":"https:\/\/api.w.org\/{rel}","templated":true}]}}