{"id":126,"date":"2023-09-08T12:33:08","date_gmt":"2023-09-08T12:33:08","guid":{"rendered":"https:\/\/haege.sim-plexity.de\/?page_id=126"},"modified":"2024-01-18T13:26:11","modified_gmt":"2024-01-18T13:26:11","slug":"bauelemente","status":"publish","type":"page","link":"https:\/\/www.haege-baucenter.de\/index.php\/sortiment\/bauelemente\/","title":{"rendered":"Bauelemente"},"content":{"rendered":"\t\t<div data-elementor-type=\"wp-page\" data-elementor-id=\"126\" class=\"elementor elementor-126\" data-elementor-post-type=\"page\">\n\t\t\t\t\t\t<section class=\"elementor-section elementor-top-section elementor-element elementor-element-b4734c6 elementor-section-height-min-height elementor-section-stretched elementor-section-boxed elementor-section-height-default elementor-section-items-middle\" data-id=\"b4734c6\" data-element_type=\"section\" data-e-type=\"section\" data-settings=\"{&quot;stretch_section&quot;:&quot;section-stretched&quot;,&quot;background_background&quot;:&quot;classic&quot;}\">\n\t\t\t\t\t\t<div class=\"elementor-container elementor-column-gap-default\">\n\t\t\t\t\t<div class=\"elementor-column elementor-col-100 elementor-top-column elementor-element elementor-element-500ab37\" data-id=\"500ab37\" data-element_type=\"column\" data-e-type=\"column\">\n\t\t\t<div class=\"elementor-widget-wrap\">\n\t\t\t\t\t\t\t<\/div>\n\t\t<\/div>\n\t\t\t\t\t<\/div>\n\t\t<\/section>\n\t\t\t\t<section class=\"elementor-section elementor-top-section elementor-element elementor-element-ad95e85 elementor-section-boxed elementor-section-height-default elementor-section-height-default\" data-id=\"ad95e85\" data-element_type=\"section\" data-e-type=\"section\">\n\t\t\t\t\t\t<div class=\"elementor-container elementor-column-gap-default\">\n\t\t\t\t\t<div class=\"elementor-column elementor-col-100 elementor-top-column elementor-element elementor-element-732dab5\" data-id=\"732dab5\" data-element_type=\"column\" data-e-type=\"column\">\n\t\t\t<div class=\"elementor-widget-wrap elementor-element-populated\">\n\t\t\t\t\t\t<div class=\"elementor-element elementor-element-a412193 elementor-widget elementor-widget-heading\" data-id=\"a412193\" data-element_type=\"widget\" data-e-type=\"widget\" data-widget_type=\"heading.default\">\n\t\t\t\t<div class=\"elementor-widget-container\">\n\t\t\t\t\t<h1 class=\"elementor-heading-title elementor-size-default\">Bauelemente<\/h1>\t\t\t\t<\/div>\n\t\t\t\t<\/div>\n\t\t\t\t<div class=\"elementor-element elementor-element-3aba618 elementor-widget elementor-widget-text-editor\" data-id=\"3aba618\" data-element_type=\"widget\" data-e-type=\"widget\" data-widget_type=\"text-editor.default\">\n\t\t\t\t<div class=\"elementor-widget-container\">\n\t\t\t\t\t\t\t\t\t<p>Vom Kellerstein bis zum Schornstein erhalten Sie als qualit\u00e4ts- und preisbewusste Kunden bei uns alle Rohbaustoffe von namhaften Herstellern, egal ob f\u00fcrs Einfamilienhaus oder den Industriebau.<\/p>\t\t\t\t\t\t\t\t<\/div>\n\t\t\t\t<\/div>\n\t\t\t\t\t<\/div>\n\t\t<\/div>\n\t\t\t\t\t<\/div>\n\t\t<\/section>\n\t\t\t\t<section class=\"elementor-section elementor-top-section elementor-element elementor-element-4e0c686 elementor-section-boxed elementor-section-height-default elementor-section-height-default\" data-id=\"4e0c686\" data-element_type=\"section\" data-e-type=\"section\">\n\t\t\t\t\t\t<div class=\"elementor-container elementor-column-gap-default\">\n\t\t\t\t\t<div class=\"elementor-column elementor-col-100 elementor-top-column elementor-element elementor-element-741f6fa\" data-id=\"741f6fa\" data-element_type=\"column\" data-e-type=\"column\">\n\t\t\t<div class=\"elementor-widget-wrap elementor-element-populated\">\n\t\t\t\t\t\t<div class=\"elementor-element elementor-element-bc2aff0 elementor-widget elementor-widget-heading\" data-id=\"bc2aff0\" data-element_type=\"widget\" data-e-type=\"widget\" data-widget_type=\"heading.default\">\n\t\t\t\t<div class=\"elementor-widget-container\">\n\t\t\t\t\t<h3 class=\"elementor-heading-title elementor-size-default\">Unser Sortiment<\/h3>\t\t\t\t<\/div>\n\t\t\t\t<\/div>\n\t\t\t\t\t<\/div>\n\t\t<\/div>\n\t\t\t\t\t<\/div>\n\t\t<\/section>\n\t\t\t\t<section class=\"elementor-section elementor-top-section elementor-element elementor-element-d9e48a2 elementor-section-boxed elementor-section-height-default elementor-section-height-default\" data-id=\"d9e48a2\" data-element_type=\"section\" data-e-type=\"section\">\n\t\t\t\t\t\t<div class=\"elementor-container elementor-column-gap-default\">\n\t\t\t\t\t<div class=\"elementor-column elementor-col-33 elementor-top-column elementor-element elementor-element-d14675b\" data-id=\"d14675b\" data-element_type=\"column\" data-e-type=\"column\" data-settings=\"{&quot;background_background&quot;:&quot;classic&quot;}\">\n\t\t\t<div class=\"elementor-widget-wrap elementor-element-populated\">\n\t\t\t\t\t\t<div class=\"elementor-element elementor-element-80eb491 elementor-flip-box--effect-push elementor-flip-box--direction-up elementor-widget elementor-widget-flip-box\" data-id=\"80eb491\" data-element_type=\"widget\" data-e-type=\"widget\" data-widget_type=\"flip-box.default\">\n\t\t\t\t<div class=\"elementor-widget-container\">\n\t\t\t\t\t\t\t<div class=\"elementor-flip-box\" tabindex=\"0\">\n\t\t\t<div class=\"elementor-flip-box__layer elementor-flip-box__front\">\n\t\t\t\t<div class=\"elementor-flip-box__layer__overlay\">\n\t\t\t\t\t<div class=\"elementor-flip-box__layer__inner\">\n\t\t\t\t\t\t\t\t\t\t\t\t\t<div class=\"elementor-icon-wrapper elementor-view-default\">\n\t\t\t\t\t\t\t\t<div class=\"elementor-icon\">\n\t\t\t\t\t\t\t\t\t\t\t\t\t\t\t\t\t<\/div>\n\t\t\t\t\t\t\t<\/div>\n\t\t\t\t\t\t\n\t\t\t\t\t\t\n\t\t\t\t\t\t\t\t\t\t\t<\/div>\n\t\t\t\t<\/div>\n\t\t\t<\/div>\n\t\t\t<div class=\"elementor-flip-box__layer elementor-flip-box__back\">\n\t\t\t<div class=\"elementor-flip-box__layer__overlay\">\n\t\t\t\t<div class=\"elementor-flip-box__layer__inner\">\n\t\t\t\t\t\t\t\t\t\t\t<h3 class=\"elementor-flip-box__layer__title\">\n\t\t\t\t\t\t\tH\u00f6rmann Garagentore\t\t\t\t\t\t<\/h3>\n\t\t\t\t\t\n\t\t\t\t\t\n\t\t\t\t\t\t\t\t\t\t\t<a class=\"elementor-flip-box__button elementor-button elementor-size-sm\" href=\"https:\/\/www.hoermann.de\/aktion\/garagentor-angebote\/haendler\/?_ga=2.215611799.1455158175.1687850109-1185328073.1683089498&#038;_gl=1*fahoo4*_ga*MTE4NTMyODA3My4xNjgzMDg5NDk4*_ga_27X5RH2XWF*MTY4Nzg1MDEwOC4xMC4xLjE2ODc4NTAyMTguNjAuMC4w\" target=\"_blank\">\n\t\t\t\t\t\t\tHier klicken\t\t\t\t\t\t<\/a>\n\t\t\t\t\t\t\t\t<\/div>\n\t\t<\/div>\n\t\t<\/div>\n\t\t<\/div>\n\t\t\t\t\t\t<\/div>\n\t\t\t\t<\/div>\n\t\t\t\t\t<\/div>\n\t\t<\/div>\n\t\t\t\t<div class=\"elementor-column elementor-col-33 elementor-top-column elementor-element elementor-element-04446ca\" data-id=\"04446ca\" data-element_type=\"column\" data-e-type=\"column\" data-settings=\"{&quot;background_background&quot;:&quot;classic&quot;}\">\n\t\t\t<div class=\"elementor-widget-wrap elementor-element-populated\">\n\t\t\t\t\t\t<div class=\"elementor-element elementor-element-08c19b1 elementor-flip-box--effect-push elementor-flip-box--direction-up elementor-widget elementor-widget-flip-box\" data-id=\"08c19b1\" data-element_type=\"widget\" data-e-type=\"widget\" data-widget_type=\"flip-box.default\">\n\t\t\t\t<div class=\"elementor-widget-container\">\n\t\t\t\t\t\t\t<div class=\"elementor-flip-box\" tabindex=\"0\">\n\t\t\t<div class=\"elementor-flip-box__layer elementor-flip-box__front\">\n\t\t\t\t<div class=\"elementor-flip-box__layer__overlay\">\n\t\t\t\t\t<div class=\"elementor-flip-box__layer__inner\">\n\t\t\t\t\t\t\t\t\t\t\t\t\t<div class=\"elementor-icon-wrapper elementor-view-default\">\n\t\t\t\t\t\t\t\t<div class=\"elementor-icon\">\n\t\t\t\t\t\t\t\t\t\t\t\t\t\t\t\t\t<\/div>\n\t\t\t\t\t\t\t<\/div>\n\t\t\t\t\t\t\n\t\t\t\t\t\t\n\t\t\t\t\t\t\t\t\t\t\t<\/div>\n\t\t\t\t<\/div>\n\t\t\t<\/div>\n\t\t\t<div class=\"elementor-flip-box__layer elementor-flip-box__back\">\n\t\t\t<div class=\"elementor-flip-box__layer__overlay\">\n\t\t\t\t<div class=\"elementor-flip-box__layer__inner\">\n\t\t\t\t\t\t\t\t\t\t\t<h3 class=\"elementor-flip-box__layer__title\">\n\t\t\t\t\t\t\tH\u00f6rmann Haust\u00fcren\t\t\t\t\t\t<\/h3>\n\t\t\t\t\t\n\t\t\t\t\t\n\t\t\t\t\t\t\t\t\t\t\t<a class=\"elementor-flip-box__button elementor-button elementor-size-sm\" href=\"https:\/\/www.hoermann.de\/aktion\/haustueren-angebote\/haendler\/?_ga=2.173185443.1455158175.1687850109-1185328073.1683089498&#038;_gl=1*n2jtvi*_ga*MTE4NTMyODA3My4xNjgzMDg5NDk4*_ga_27X5RH2XWF*MTY4Nzg1MDEwOC4xMC4xLjE2ODc4NTAyMTguNjAuMC4w\" target=\"_blank\">\n\t\t\t\t\t\t\tHier klicken\t\t\t\t\t\t<\/a>\n\t\t\t\t\t\t\t\t<\/div>\n\t\t<\/div>\n\t\t<\/div>\n\t\t<\/div>\n\t\t\t\t\t\t<\/div>\n\t\t\t\t<\/div>\n\t\t\t\t\t<\/div>\n\t\t<\/div>\n\t\t\t\t<div class=\"elementor-column elementor-col-33 elementor-top-column elementor-element elementor-element-3a103a6\" data-id=\"3a103a6\" data-element_type=\"column\" data-e-type=\"column\" data-settings=\"{&quot;background_background&quot;:&quot;classic&quot;}\">\n\t\t\t<div class=\"elementor-widget-wrap elementor-element-populated\">\n\t\t\t\t\t\t<div class=\"elementor-element elementor-element-5df04cd elementor-flip-box--effect-push elementor-flip-box--direction-up elementor-widget elementor-widget-flip-box\" data-id=\"5df04cd\" data-element_type=\"widget\" data-e-type=\"widget\" data-widget_type=\"flip-box.default\">\n\t\t\t\t<div class=\"elementor-widget-container\">\n\t\t\t\t\t\t\t<div class=\"elementor-flip-box\" tabindex=\"0\">\n\t\t\t<div class=\"elementor-flip-box__layer elementor-flip-box__front\">\n\t\t\t\t<div class=\"elementor-flip-box__layer__overlay\">\n\t\t\t\t\t<div class=\"elementor-flip-box__layer__inner\">\n\t\t\t\t\t\t\t\t\t\t\t\t\t<div class=\"elementor-icon-wrapper elementor-view-default\">\n\t\t\t\t\t\t\t\t<div class=\"elementor-icon\">\n\t\t\t\t\t\t\t\t\t\t\t\t\t\t\t\t\t<\/div>\n\t\t\t\t\t\t\t<\/div>\n\t\t\t\t\t\t\n\t\t\t\t\t\t\n\t\t\t\t\t\t\t\t\t\t\t<\/div>\n\t\t\t\t<\/div>\n\t\t\t<\/div>\n\t\t\t<div class=\"elementor-flip-box__layer elementor-flip-box__back\">\n\t\t\t<div class=\"elementor-flip-box__layer__overlay\">\n\t\t\t\t<div class=\"elementor-flip-box__layer__inner\">\n\t\t\t\t\t\t\t\t\t\t\t<h3 class=\"elementor-flip-box__layer__title\">\n\t\t\t\t\t\t\tH\u00f6rmann Innent\u00fcren\t\t\t\t\t\t<\/h3>\n\t\t\t\t\t\n\t\t\t\t\t\n\t\t\t\t\t\t\t\t\t\t\t<a class=\"elementor-flip-box__button elementor-button elementor-size-sm\" href=\"https:\/\/www.hoermann.de\/aktion\/zimmertueren-angebote\/haendler\/?_ga=2.250336646.1455158175.1687850109-1185328073.1683089498&#038;_gl=1*9x50q3*_ga*MTE4NTMyODA3My4xNjgzMDg5NDk4*_ga_27X5RH2XWF*MTY4Nzg1MDEwOC4xMC4xLjE2ODc4NTAyMTguNjAuMC4w\" target=\"_blank\">\n\t\t\t\t\t\t\tHier klicken\t\t\t\t\t\t<\/a>\n\t\t\t\t\t\t\t\t<\/div>\n\t\t<\/div>\n\t\t<\/div>\n\t\t<\/div>\n\t\t\t\t\t\t<\/div>\n\t\t\t\t<\/div>\n\t\t\t\t\t<\/div>\n\t\t<\/div>\n\t\t\t\t\t<\/div>\n\t\t<\/section>\n\t\t\t\t<section class=\"elementor-section elementor-top-section elementor-element elementor-element-a0cf90d elementor-section-boxed elementor-section-height-default elementor-section-height-default\" data-id=\"a0cf90d\" data-element_type=\"section\" data-e-type=\"section\">\n\t\t\t\t\t\t<div class=\"elementor-container elementor-column-gap-default\">\n\t\t\t\t\t<div class=\"elementor-column elementor-col-100 elementor-top-column elementor-element elementor-element-aa91a60\" data-id=\"aa91a60\" data-element_type=\"column\" data-e-type=\"column\">\n\t\t\t<div class=\"elementor-widget-wrap elementor-element-populated\">\n\t\t\t\t\t\t<div class=\"elementor-element elementor-element-e0c265d elementor-widget elementor-widget-heading\" data-id=\"e0c265d\" data-element_type=\"widget\" data-e-type=\"widget\" data-widget_type=\"heading.default\">\n\t\t\t\t<div class=\"elementor-widget-container\">\n\t\t\t\t\t<h3 class=\"elementor-heading-title elementor-size-default\"><a href=\"https:\/\/ttk.hoermann.com\/camosHtml5Client\/cH5S\/run?-AppName=TTK_DealerProd%20-TokenGUID=608E3C6794737846AD7AC87B0FB50F46%20-ProductType=PK%20\" target=\"_blank\">H\u00f6rmann Konfigurator<\/a><\/h3>\t\t\t\t<\/div>\n\t\t\t\t<\/div>\n\t\t\t\t\t<\/div>\n\t\t<\/div>\n\t\t\t\t\t<\/div>\n\t\t<\/section>\n\t\t\t\t<\/div>\n\t\t","protected":false},"excerpt":{"rendered":"<p>Bauelemente Vom Kellerstein bis zum Schornstein erhalten Sie als qualit\u00e4ts- und preisbewusste Kunden bei uns alle Rohbaustoffe von namhaften Herstellern, egal ob f\u00fcrs Einfamilienhaus oder den Industriebau. Unser Sortiment H\u00f6rmann Garagentore Hier klicken H\u00f6rmann Haust\u00fcren Hier klicken H\u00f6rmann Innent\u00fcren Hier klicken H\u00f6rmann Konfigurator<\/p>\n","protected":false},"author":2,"featured_media":206,"parent":54,"menu_order":0,"comment_status":"closed","ping_status":"closed","template":"elementor_header_footer","meta":{"_acf_changed":false,"footnotes":""},"class_list":["post-126","page","type-page","status-publish","has-post-thumbnail","hentry"],"acf":[],"yoast_head":"<!-- This site is optimized with the Yoast SEO plugin v27.0 - https:\/\/yoast.com\/product\/yoast-seo-wordpress\/ -->\n<title>Bauelemente - H\u00e4ge Bau<\/title>\n<meta name=\"robots\" content=\"index, follow, max-snippet:-1, max-image-preview:large, max-video-preview:-1\" \/>\n<link rel=\"canonical\" href=\"https:\/\/www.haege-baucenter.de\/index.php\/sortiment\/bauelemente\/\" \/>\n<meta property=\"og:locale\" content=\"de_DE\" \/>\n<meta property=\"og:type\" content=\"article\" \/>\n<meta property=\"og:title\" content=\"Bauelemente - H\u00e4ge Bau\" \/>\n<meta property=\"og:description\" content=\"Bauelemente Vom Kellerstein bis zum Schornstein erhalten Sie als qualit\u00e4ts- und preisbewusste Kunden bei uns alle Rohbaustoffe von namhaften Herstellern, egal ob f\u00fcrs Einfamilienhaus oder den Industriebau. Unser Sortiment H\u00f6rmann Garagentore Hier klicken H\u00f6rmann Haust\u00fcren Hier klicken H\u00f6rmann Innent\u00fcren Hier klicken H\u00f6rmann Konfigurator\" \/>\n<meta property=\"og:url\" content=\"https:\/\/www.haege-baucenter.de\/index.php\/sortiment\/bauelemente\/\" \/>\n<meta property=\"og:site_name\" content=\"H\u00e4ge Bau\" \/>\n<meta property=\"article:modified_time\" content=\"2024-01-18T13:26:11+00:00\" \/>\n<meta property=\"og:image\" content=\"https:\/\/www.haege-baucenter.de\/wp-content\/uploads\/2023\/09\/Bauelemente.jpg\" \/>\n\t<meta property=\"og:image:width\" content=\"1000\" \/>\n\t<meta property=\"og:image:height\" content=\"667\" \/>\n\t<meta property=\"og:image:type\" content=\"image\/jpeg\" \/>\n<meta name=\"twitter:card\" content=\"summary_large_image\" \/>\n<meta name=\"twitter:label1\" content=\"Gesch\u00e4tzte Lesezeit\" \/>\n\t<meta name=\"twitter:data1\" content=\"1\u00a0Minute\" \/>\n<script type=\"application\/ld+json\" class=\"yoast-schema-graph\">{\"@context\":\"https:\/\/schema.org\",\"@graph\":[{\"@type\":\"WebPage\",\"@id\":\"https:\/\/www.haege-baucenter.de\/index.php\/sortiment\/bauelemente\/\",\"url\":\"https:\/\/www.haege-baucenter.de\/index.php\/sortiment\/bauelemente\/\",\"name\":\"Bauelemente - H\u00e4ge Bau\",\"isPartOf\":{\"@id\":\"https:\/\/www.haege-baucenter.de\/#website\"},\"primaryImageOfPage\":{\"@id\":\"https:\/\/www.haege-baucenter.de\/index.php\/sortiment\/bauelemente\/#primaryimage\"},\"image\":{\"@id\":\"https:\/\/www.haege-baucenter.de\/index.php\/sortiment\/bauelemente\/#primaryimage\"},\"thumbnailUrl\":\"https:\/\/www.haege-baucenter.de\/wp-content\/uploads\/2023\/09\/Bauelemente.jpg\",\"datePublished\":\"2023-09-08T12:33:08+00:00\",\"dateModified\":\"2024-01-18T13:26:11+00:00\",\"breadcrumb\":{\"@id\":\"https:\/\/www.haege-baucenter.de\/index.php\/sortiment\/bauelemente\/#breadcrumb\"},\"inLanguage\":\"de\",\"potentialAction\":[{\"@type\":\"ReadAction\",\"target\":[\"https:\/\/www.haege-baucenter.de\/index.php\/sortiment\/bauelemente\/\"]}]},{\"@type\":\"ImageObject\",\"inLanguage\":\"de\",\"@id\":\"https:\/\/www.haege-baucenter.de\/index.php\/sortiment\/bauelemente\/#primaryimage\",\"url\":\"https:\/\/www.haege-baucenter.de\/wp-content\/uploads\/2023\/09\/Bauelemente.jpg\",\"contentUrl\":\"https:\/\/www.haege-baucenter.de\/wp-content\/uploads\/2023\/09\/Bauelemente.jpg\",\"width\":1000,\"height\":667,\"caption\":\"Wide automatic sliding gate with remote control installed in high stone fense wall. Security and protection concept.\"},{\"@type\":\"BreadcrumbList\",\"@id\":\"https:\/\/www.haege-baucenter.de\/index.php\/sortiment\/bauelemente\/#breadcrumb\",\"itemListElement\":[{\"@type\":\"ListItem\",\"position\":1,\"name\":\"Startseite\",\"item\":\"https:\/\/www.haege-baucenter.de\/\"},{\"@type\":\"ListItem\",\"position\":2,\"name\":\"Sortiment\",\"item\":\"https:\/\/www.haege-baucenter.de\/index.php\/sortiment\/\"},{\"@type\":\"ListItem\",\"position\":3,\"name\":\"Bauelemente\"}]},{\"@type\":\"WebSite\",\"@id\":\"https:\/\/www.haege-baucenter.de\/#website\",\"url\":\"https:\/\/www.haege-baucenter.de\/\",\"name\":\"H\u00e4ge Bau\",\"description\":\"\",\"potentialAction\":[{\"@type\":\"SearchAction\",\"target\":{\"@type\":\"EntryPoint\",\"urlTemplate\":\"https:\/\/www.haege-baucenter.de\/?s={search_term_string}\"},\"query-input\":{\"@type\":\"PropertyValueSpecification\",\"valueRequired\":true,\"valueName\":\"search_term_string\"}}],\"inLanguage\":\"de\"}]}<\/script>\n<!-- \/ Yoast SEO plugin. -->","yoast_head_json":{"title":"Bauelemente - H\u00e4ge Bau","robots":{"index":"index","follow":"follow","max-snippet":"max-snippet:-1","max-image-preview":"max-image-preview:large","max-video-preview":"max-video-preview:-1"},"canonical":"https:\/\/www.haege-baucenter.de\/index.php\/sortiment\/bauelemente\/","og_locale":"de_DE","og_type":"article","og_title":"Bauelemente - H\u00e4ge Bau","og_description":"Bauelemente Vom Kellerstein bis zum Schornstein erhalten Sie als qualit\u00e4ts- und preisbewusste Kunden bei uns alle Rohbaustoffe von namhaften Herstellern, egal ob f\u00fcrs Einfamilienhaus oder den Industriebau. Unser Sortiment H\u00f6rmann Garagentore Hier klicken H\u00f6rmann Haust\u00fcren Hier klicken H\u00f6rmann Innent\u00fcren Hier klicken H\u00f6rmann Konfigurator","og_url":"https:\/\/www.haege-baucenter.de\/index.php\/sortiment\/bauelemente\/","og_site_name":"H\u00e4ge Bau","article_modified_time":"2024-01-18T13:26:11+00:00","og_image":[{"width":1000,"height":667,"url":"https:\/\/www.haege-baucenter.de\/wp-content\/uploads\/2023\/09\/Bauelemente.jpg","type":"image\/jpeg"}],"twitter_card":"summary_large_image","twitter_misc":{"Gesch\u00e4tzte Lesezeit":"1\u00a0Minute"},"schema":{"@context":"https:\/\/schema.org","@graph":[{"@type":"WebPage","@id":"https:\/\/www.haege-baucenter.de\/index.php\/sortiment\/bauelemente\/","url":"https:\/\/www.haege-baucenter.de\/index.php\/sortiment\/bauelemente\/","name":"Bauelemente - H\u00e4ge Bau","isPartOf":{"@id":"https:\/\/www.haege-baucenter.de\/#website"},"primaryImageOfPage":{"@id":"https:\/\/www.haege-baucenter.de\/index.php\/sortiment\/bauelemente\/#primaryimage"},"image":{"@id":"https:\/\/www.haege-baucenter.de\/index.php\/sortiment\/bauelemente\/#primaryimage"},"thumbnailUrl":"https:\/\/www.haege-baucenter.de\/wp-content\/uploads\/2023\/09\/Bauelemente.jpg","datePublished":"2023-09-08T12:33:08+00:00","dateModified":"2024-01-18T13:26:11+00:00","breadcrumb":{"@id":"https:\/\/www.haege-baucenter.de\/index.php\/sortiment\/bauelemente\/#breadcrumb"},"inLanguage":"de","potentialAction":[{"@type":"ReadAction","target":["https:\/\/www.haege-baucenter.de\/index.php\/sortiment\/bauelemente\/"]}]},{"@type":"ImageObject","inLanguage":"de","@id":"https:\/\/www.haege-baucenter.de\/index.php\/sortiment\/bauelemente\/#primaryimage","url":"https:\/\/www.haege-baucenter.de\/wp-content\/uploads\/2023\/09\/Bauelemente.jpg","contentUrl":"https:\/\/www.haege-baucenter.de\/wp-content\/uploads\/2023\/09\/Bauelemente.jpg","width":1000,"height":667,"caption":"Wide automatic sliding gate with remote control installed in high stone fense wall. Security and protection concept."},{"@type":"BreadcrumbList","@id":"https:\/\/www.haege-baucenter.de\/index.php\/sortiment\/bauelemente\/#breadcrumb","itemListElement":[{"@type":"ListItem","position":1,"name":"Startseite","item":"https:\/\/www.haege-baucenter.de\/"},{"@type":"ListItem","position":2,"name":"Sortiment","item":"https:\/\/www.haege-baucenter.de\/index.php\/sortiment\/"},{"@type":"ListItem","position":3,"name":"Bauelemente"}]},{"@type":"WebSite","@id":"https:\/\/www.haege-baucenter.de\/#website","url":"https:\/\/www.haege-baucenter.de\/","name":"H\u00e4ge Bau","description":"","potentialAction":[{"@type":"SearchAction","target":{"@type":"EntryPoint","urlTemplate":"https:\/\/www.haege-baucenter.de\/?s={search_term_string}"},"query-input":{"@type":"PropertyValueSpecification","valueRequired":true,"valueName":"search_term_string"}}],"inLanguage":"de"}]}},"_links":{"self":[{"href":"https:\/\/www.haege-baucenter.de\/index.php\/wp-json\/wp\/v2\/pages\/126","targetHints":{"allow":["GET"]}}],"collection":[{"href":"https:\/\/www.haege-baucenter.de\/index.php\/wp-json\/wp\/v2\/pages"}],"about":[{"href":"https:\/\/www.haege-baucenter.de\/index.php\/wp-json\/wp\/v2\/types\/page"}],"author":[{"embeddable":true,"href":"https:\/\/www.haege-baucenter.de\/index.php\/wp-json\/wp\/v2\/users\/2"}],"replies":[{"embeddable":true,"href":"https:\/\/www.haege-baucenter.de\/index.php\/wp-json\/wp\/v2\/comments?post=126"}],"version-history":[{"count":35,"href":"https:\/\/www.haege-baucenter.de\/index.php\/wp-json\/wp\/v2\/pages\/126\/revisions"}],"predecessor-version":[{"id":977,"href":"https:\/\/www.haege-baucenter.de\/index.php\/wp-json\/wp\/v2\/pages\/126\/revisions\/977"}],"up":[{"embeddable":true,"href":"https:\/\/www.haege-baucenter.de\/index.php\/wp-json\/wp\/v2\/pages\/54"}],"wp:featuredmedia":[{"embeddable":true,"href":"https:\/\/www.haege-baucenter.de\/index.php\/wp-json\/wp\/v2\/media\/206"}],"wp:attachment":[{"href":"https:\/\/www.haege-baucenter.de\/index.php\/wp-json\/wp\/v2\/media?parent=126"}],"curies":[{"name":"wp","href":"https:\/\/api.w.org\/{rel}","templated":true}]}}