{"id":104,"date":"2023-09-08T12:24:36","date_gmt":"2023-09-08T12:24:36","guid":{"rendered":"https:\/\/haege.sim-plexity.de\/?page_id=104"},"modified":"2024-02-26T07:11:56","modified_gmt":"2024-02-26T07:11:56","slug":"impressum","status":"publish","type":"page","link":"https:\/\/www.haege-baucenter.de\/index.php\/rechtliches\/impressum\/","title":{"rendered":"Impressum"},"content":{"rendered":"\t\t<div data-elementor-type=\"wp-page\" data-elementor-id=\"104\" class=\"elementor elementor-104\" data-elementor-post-type=\"page\">\n\t\t\t\t\t\t<section class=\"elementor-section elementor-top-section elementor-element elementor-element-c8e7f7c elementor-section-boxed elementor-section-height-default elementor-section-height-default\" data-id=\"c8e7f7c\" data-element_type=\"section\" data-e-type=\"section\">\n\t\t\t\t\t\t<div class=\"elementor-container elementor-column-gap-default\">\n\t\t\t\t\t<div class=\"elementor-column elementor-col-100 elementor-top-column elementor-element elementor-element-99599f2\" data-id=\"99599f2\" data-element_type=\"column\" data-e-type=\"column\">\n\t\t\t<div class=\"elementor-widget-wrap elementor-element-populated\">\n\t\t\t\t\t\t<div class=\"elementor-element elementor-element-d89f4f1 elementor-widget elementor-widget-heading\" data-id=\"d89f4f1\" data-element_type=\"widget\" data-e-type=\"widget\" data-widget_type=\"heading.default\">\n\t\t\t\t<div class=\"elementor-widget-container\">\n\t\t\t\t\t<h1 class=\"elementor-heading-title elementor-size-default\">Impressum<\/h1>\t\t\t\t<\/div>\n\t\t\t\t<\/div>\n\t\t\t\t\t<\/div>\n\t\t<\/div>\n\t\t\t\t\t<\/div>\n\t\t<\/section>\n\t\t\t\t<section class=\"elementor-section elementor-top-section elementor-element elementor-element-c88eaef elementor-section-boxed elementor-section-height-default elementor-section-height-default\" data-id=\"c88eaef\" data-element_type=\"section\" data-e-type=\"section\">\n\t\t\t\t\t\t<div class=\"elementor-container elementor-column-gap-default\">\n\t\t\t\t\t<div class=\"elementor-column elementor-col-100 elementor-top-column elementor-element elementor-element-3f86552\" data-id=\"3f86552\" data-element_type=\"column\" data-e-type=\"column\">\n\t\t\t<div class=\"elementor-widget-wrap elementor-element-populated\">\n\t\t\t\t\t\t<div class=\"elementor-element elementor-element-fa01bc1 elementor-widget elementor-widget-text-editor\" data-id=\"fa01bc1\" data-element_type=\"widget\" data-e-type=\"widget\" data-widget_type=\"text-editor.default\">\n\t\t\t\t<div class=\"elementor-widget-container\">\n\t\t\t\t\t\t\t\t\t<p><strong>J.H\u00e4ge Bau-Center GmbH<\/strong><br \/>Carl-Benz-Stra\u00dfe 6<br \/>75031 Eppingen<\/p><p>\u00a0<\/p><p><strong>Tel.<\/strong> +49 (0) 72 62 \/ 91 52 &#8211; 0<br \/><strong>Fax.<\/strong> +49 (0) 72 62 \/ 91 52 &#8211; 15<br \/><strong>E-Mail:<\/strong> mail@haege-baucenter.de<br \/><strong>Web:<\/strong> www.haege-baucenter.de<\/p><p>\u00a0<\/p><p><strong>Gesch\u00e4ftsf\u00fchrung<\/strong><br \/>Markus Butz, Brackenheim<br \/>Stepahn Buchholz, Sinsheim-Rohrbach<\/p><p>\u00a0<\/p><p><strong>Sitz der Gesellschaft:<\/strong> Eppingen<\/p><p>\u00a0<\/p><p><strong>Amtsgericht\/Registergericht:<\/strong> D-74072 Heilbronn \/ D-70049 Stuttgart<br \/><strong>Handelsregister:<\/strong> HRB 107148<\/p><p>\u00a0<\/p><p><strong>Ust-IdNr.:<\/strong> DE20 5879 802<br \/><strong>SteuerNr.:<\/strong> 65203\/55053<\/p><p>\u00a0<\/p><p><strong>Bankverbindungen:<\/strong><br \/>Volksbank Kraichgau Wiesloch-Sinsheim eG<br \/>IBAN DE48 6729 2200 0000 0345 09<br \/>BIC GENODE61WIE<\/p><p>Kreissparkasse Heilbronn<br \/>IBAN DE77 6205 0000 0020 1647 51<br \/>BIC HEISDE66XXX<\/p><p>\u00a0<\/p><p><strong>Gl\u00e4ubiger-Idendifikationsnummer im SEPA-Lastschriftverfahren:<\/strong><br \/>DE87 ZZZ0 0000 6722 62<\/p><p>\u00a0<\/p><p><strong>Verantwortlicher f\u00fcr den journalistisch-redaktionellen Teil<\/strong><br \/>Markus Butz<br \/>Carl-Benz-Stra\u00dfe 6<br \/>75031 Eppingen<\/p><p>\u00a0<\/p><p><strong>Online-Streitbeilegung<\/strong> gem\u00e4\u00df Art. 14 Abs. 1 ODR-VO und \u00a7 36 VSBG<br \/>Die Europ\u00e4ische Kommission stellt eine Plattform zur Online-Streitbeilegung (OS) bereit, die Sie unter http:\/\/ec.europa.eu\/consumers\/odr\/ finden. Zur Teilnahme an einem Streitbeilegungsverfahren vor einer Verbraucherschlichtungsstelle sind wir nicht verpflichtet und grunds\u00e4tzlich nicht bereit.<\/p><p>\u00a0<\/p><p><strong>Haftungshinweis:<\/strong><br \/>Trotz sorgf\u00e4ltiger inhaltlicher Kontrolle \u00fcbernehmen wir keine Haftung f\u00fcr die Inhalte externer Links. F\u00fcr den Inhalt der verlinkten Seiten sind ausschlie\u00dflich deren Betreiber verantwortlich.<\/p>\t\t\t\t\t\t\t\t<\/div>\n\t\t\t\t<\/div>\n\t\t\t\t\t<\/div>\n\t\t<\/div>\n\t\t\t\t\t<\/div>\n\t\t<\/section>\n\t\t\t\t<\/div>\n\t\t","protected":false},"excerpt":{"rendered":"<p>Impressum J.H\u00e4ge Bau-Center GmbHCarl-Benz-Stra\u00dfe 675031 Eppingen \u00a0 Tel. +49 (0) 72 62 \/ 91 52 &#8211; 0Fax. +49 (0) 72 62 \/ 91 52 &#8211; 15E-Mail: mail@haege-baucenter.deWeb: www.haege-baucenter.de \u00a0 Gesch\u00e4ftsf\u00fchrungMarkus Butz, BrackenheimStepahn Buchholz, Sinsheim-Rohrbach \u00a0 Sitz der Gesellschaft: Eppingen \u00a0 Amtsgericht\/Registergericht: D-74072 Heilbronn \/ D-70049 StuttgartHandelsregister: HRB 107148 \u00a0 Ust-IdNr.: DE20 5879 802SteuerNr.: 65203\/55053 \u00a0 [&hellip;]<\/p>\n","protected":false},"author":2,"featured_media":0,"parent":102,"menu_order":0,"comment_status":"closed","ping_status":"closed","template":"elementor_header_footer","meta":{"_acf_changed":false,"footnotes":""},"class_list":["post-104","page","type-page","status-publish","hentry"],"acf":[],"yoast_head":"<!-- This site is optimized with the Yoast SEO plugin v27.0 - https:\/\/yoast.com\/product\/yoast-seo-wordpress\/ -->\n<title>Impressum - H\u00e4ge Bau<\/title>\n<meta name=\"robots\" content=\"index, follow, max-snippet:-1, max-image-preview:large, max-video-preview:-1\" \/>\n<link rel=\"canonical\" href=\"https:\/\/www.haege-baucenter.de\/index.php\/rechtliches\/impressum\/\" \/>\n<meta property=\"og:locale\" content=\"de_DE\" \/>\n<meta property=\"og:type\" content=\"article\" \/>\n<meta property=\"og:title\" content=\"Impressum - H\u00e4ge Bau\" \/>\n<meta property=\"og:description\" content=\"Impressum J.H\u00e4ge Bau-Center GmbHCarl-Benz-Stra\u00dfe 675031 Eppingen \u00a0 Tel. +49 (0) 72 62 \/ 91 52 &#8211; 0Fax. +49 (0) 72 62 \/ 91 52 &#8211; 15E-Mail: mail@haege-baucenter.deWeb: www.haege-baucenter.de \u00a0 Gesch\u00e4ftsf\u00fchrungMarkus Butz, BrackenheimStepahn Buchholz, Sinsheim-Rohrbach \u00a0 Sitz der Gesellschaft: Eppingen \u00a0 Amtsgericht\/Registergericht: D-74072 Heilbronn \/ D-70049 StuttgartHandelsregister: HRB 107148 \u00a0 Ust-IdNr.: DE20 5879 802SteuerNr.: 65203\/55053 \u00a0 [&hellip;]\" \/>\n<meta property=\"og:url\" content=\"https:\/\/www.haege-baucenter.de\/index.php\/rechtliches\/impressum\/\" \/>\n<meta property=\"og:site_name\" content=\"H\u00e4ge Bau\" \/>\n<meta property=\"article:modified_time\" content=\"2024-02-26T07:11:56+00:00\" \/>\n<meta name=\"twitter:card\" content=\"summary_large_image\" \/>\n<meta name=\"twitter:label1\" content=\"Gesch\u00e4tzte Lesezeit\" \/>\n\t<meta name=\"twitter:data1\" content=\"1\u00a0Minute\" \/>\n<script type=\"application\/ld+json\" class=\"yoast-schema-graph\">{\"@context\":\"https:\/\/schema.org\",\"@graph\":[{\"@type\":\"WebPage\",\"@id\":\"https:\/\/www.haege-baucenter.de\/index.php\/rechtliches\/impressum\/\",\"url\":\"https:\/\/www.haege-baucenter.de\/index.php\/rechtliches\/impressum\/\",\"name\":\"Impressum - H\u00e4ge Bau\",\"isPartOf\":{\"@id\":\"https:\/\/www.haege-baucenter.de\/#website\"},\"datePublished\":\"2023-09-08T12:24:36+00:00\",\"dateModified\":\"2024-02-26T07:11:56+00:00\",\"breadcrumb\":{\"@id\":\"https:\/\/www.haege-baucenter.de\/index.php\/rechtliches\/impressum\/#breadcrumb\"},\"inLanguage\":\"de\",\"potentialAction\":[{\"@type\":\"ReadAction\",\"target\":[\"https:\/\/www.haege-baucenter.de\/index.php\/rechtliches\/impressum\/\"]}]},{\"@type\":\"BreadcrumbList\",\"@id\":\"https:\/\/www.haege-baucenter.de\/index.php\/rechtliches\/impressum\/#breadcrumb\",\"itemListElement\":[{\"@type\":\"ListItem\",\"position\":1,\"name\":\"Startseite\",\"item\":\"https:\/\/www.haege-baucenter.de\/\"},{\"@type\":\"ListItem\",\"position\":2,\"name\":\"Rechtliches\",\"item\":\"https:\/\/www.haege-baucenter.de\/index.php\/rechtliches\/\"},{\"@type\":\"ListItem\",\"position\":3,\"name\":\"Impressum\"}]},{\"@type\":\"WebSite\",\"@id\":\"https:\/\/www.haege-baucenter.de\/#website\",\"url\":\"https:\/\/www.haege-baucenter.de\/\",\"name\":\"H\u00e4ge Bau\",\"description\":\"\",\"potentialAction\":[{\"@type\":\"SearchAction\",\"target\":{\"@type\":\"EntryPoint\",\"urlTemplate\":\"https:\/\/www.haege-baucenter.de\/?s={search_term_string}\"},\"query-input\":{\"@type\":\"PropertyValueSpecification\",\"valueRequired\":true,\"valueName\":\"search_term_string\"}}],\"inLanguage\":\"de\"}]}<\/script>\n<!-- \/ Yoast SEO plugin. -->","yoast_head_json":{"title":"Impressum - H\u00e4ge Bau","robots":{"index":"index","follow":"follow","max-snippet":"max-snippet:-1","max-image-preview":"max-image-preview:large","max-video-preview":"max-video-preview:-1"},"canonical":"https:\/\/www.haege-baucenter.de\/index.php\/rechtliches\/impressum\/","og_locale":"de_DE","og_type":"article","og_title":"Impressum - H\u00e4ge Bau","og_description":"Impressum J.H\u00e4ge Bau-Center GmbHCarl-Benz-Stra\u00dfe 675031 Eppingen \u00a0 Tel. +49 (0) 72 62 \/ 91 52 &#8211; 0Fax. +49 (0) 72 62 \/ 91 52 &#8211; 15E-Mail: mail@haege-baucenter.deWeb: www.haege-baucenter.de \u00a0 Gesch\u00e4ftsf\u00fchrungMarkus Butz, BrackenheimStepahn Buchholz, Sinsheim-Rohrbach \u00a0 Sitz der Gesellschaft: Eppingen \u00a0 Amtsgericht\/Registergericht: D-74072 Heilbronn \/ D-70049 StuttgartHandelsregister: HRB 107148 \u00a0 Ust-IdNr.: DE20 5879 802SteuerNr.: 65203\/55053 \u00a0 [&hellip;]","og_url":"https:\/\/www.haege-baucenter.de\/index.php\/rechtliches\/impressum\/","og_site_name":"H\u00e4ge Bau","article_modified_time":"2024-02-26T07:11:56+00:00","twitter_card":"summary_large_image","twitter_misc":{"Gesch\u00e4tzte Lesezeit":"1\u00a0Minute"},"schema":{"@context":"https:\/\/schema.org","@graph":[{"@type":"WebPage","@id":"https:\/\/www.haege-baucenter.de\/index.php\/rechtliches\/impressum\/","url":"https:\/\/www.haege-baucenter.de\/index.php\/rechtliches\/impressum\/","name":"Impressum - H\u00e4ge Bau","isPartOf":{"@id":"https:\/\/www.haege-baucenter.de\/#website"},"datePublished":"2023-09-08T12:24:36+00:00","dateModified":"2024-02-26T07:11:56+00:00","breadcrumb":{"@id":"https:\/\/www.haege-baucenter.de\/index.php\/rechtliches\/impressum\/#breadcrumb"},"inLanguage":"de","potentialAction":[{"@type":"ReadAction","target":["https:\/\/www.haege-baucenter.de\/index.php\/rechtliches\/impressum\/"]}]},{"@type":"BreadcrumbList","@id":"https:\/\/www.haege-baucenter.de\/index.php\/rechtliches\/impressum\/#breadcrumb","itemListElement":[{"@type":"ListItem","position":1,"name":"Startseite","item":"https:\/\/www.haege-baucenter.de\/"},{"@type":"ListItem","position":2,"name":"Rechtliches","item":"https:\/\/www.haege-baucenter.de\/index.php\/rechtliches\/"},{"@type":"ListItem","position":3,"name":"Impressum"}]},{"@type":"WebSite","@id":"https:\/\/www.haege-baucenter.de\/#website","url":"https:\/\/www.haege-baucenter.de\/","name":"H\u00e4ge Bau","description":"","potentialAction":[{"@type":"SearchAction","target":{"@type":"EntryPoint","urlTemplate":"https:\/\/www.haege-baucenter.de\/?s={search_term_string}"},"query-input":{"@type":"PropertyValueSpecification","valueRequired":true,"valueName":"search_term_string"}}],"inLanguage":"de"}]}},"_links":{"self":[{"href":"https:\/\/www.haege-baucenter.de\/index.php\/wp-json\/wp\/v2\/pages\/104","targetHints":{"allow":["GET"]}}],"collection":[{"href":"https:\/\/www.haege-baucenter.de\/index.php\/wp-json\/wp\/v2\/pages"}],"about":[{"href":"https:\/\/www.haege-baucenter.de\/index.php\/wp-json\/wp\/v2\/types\/page"}],"author":[{"embeddable":true,"href":"https:\/\/www.haege-baucenter.de\/index.php\/wp-json\/wp\/v2\/users\/2"}],"replies":[{"embeddable":true,"href":"https:\/\/www.haege-baucenter.de\/index.php\/wp-json\/wp\/v2\/comments?post=104"}],"version-history":[{"count":11,"href":"https:\/\/www.haege-baucenter.de\/index.php\/wp-json\/wp\/v2\/pages\/104\/revisions"}],"predecessor-version":[{"id":1365,"href":"https:\/\/www.haege-baucenter.de\/index.php\/wp-json\/wp\/v2\/pages\/104\/revisions\/1365"}],"up":[{"embeddable":true,"href":"https:\/\/www.haege-baucenter.de\/index.php\/wp-json\/wp\/v2\/pages\/102"}],"wp:attachment":[{"href":"https:\/\/www.haege-baucenter.de\/index.php\/wp-json\/wp\/v2\/media?parent=104"}],"curies":[{"name":"wp","href":"https:\/\/api.w.org\/{rel}","templated":true}]}}